{"id":2,"date":"2010-08-10T10:15:07","date_gmt":"2010-08-10T08:15:07","guid":{"rendered":"http:\/\/test.motz.de\/?page_id=2"},"modified":"2010-08-10T10:15:07","modified_gmt":"2010-08-10T08:15:07","slug":"impressum-2","status":"publish","type":"page","link":"https:\/\/test.motz.de\/wp4\/impressum-2\/","title":{"rendered":"Impressum"},"content":{"rendered":"<p><img decoding=\"async\" class=\"alignright size-full wp-image-33\" title=\"Impressum\" src=\"http:\/\/test.motz.de\/wp4\/wp-content\/uploads\/2010\/08\/impressum.jpg\" alt=\"\" \/><\/p>\n<p>Angaben gem\u00e4\u00df \u00a7 5 TMG:<\/p>\n<p>Motz-Computer<br \/>\n  <br \/>\n  Service und Vertriebs GmbH <br \/>\n  Pfennigbreite 20 &#8211; 22<br \/>\n  D-37671 H\u00f6xter<\/p>\n<p>  Telefon 0 52 71\/97 04 &#8211; 0<br \/>\n  <br \/>\n  Telefax 0 52 71\/97 04 &#8211; 94<br \/>\n  <br \/>\n  e-mail: info@motz.de<\/p>\n<p>  Gesch\u00e4ftsf\u00fchrung: Thomas Vogt<br \/>\n  <br \/>\n  Sitz der Gesellschaft: AG Paderborn HRB 7046<\/p>\n<p>  Umsatzsteuer-Identifikationsnummer gem\u00e4\u00df \u00a727 a Umsatzsteuergesetz: DE125449359<\/p>\n<p>  Inhaltlich Verantwortlich gem\u00e4\u00df \u00a7 6 MDStV: Markus Motz<\/p>\n<p>  Alle Rechte vorbehalten. \n<\/p>\n<p>Konformit\u00e4tserkl\u00e4rung \/ Declaration of Conformity<\/p>\n<p>  <a href=\"http:\/\/www.motz-computer.de\/motz.de\/konftipes\/konftipes.pdf\"><img loading=\"lazy\" decoding=\"async\" class=\"size-full wp-image-36 alignnone\" title=\"Konformit\u00e4tserkl\u00e4rung\" src=\"http:\/\/test.motz.de\/wp4\/wp-content\/uploads\/2010\/08\/pdf.gif\" alt=\"\" width=\"36\" height=\"42\" \/><\/a>  <\/p>\n<p><strong>Disclaimer &#8211; Haftungsausschluss<\/strong><\/p>\n<p>  <strong>Haftung f\u00fcr Inhalte<\/strong>  <\/p>\n<p>Die Inhalte unserer Seiten wurden mit gr\u00f6\u00dfter Sorgfalt erstellt. F\u00fcr die Richtigkeit, Vollst\u00e4ndigkeit und Aktualit\u00e4t der Inhalte k\u00f6nnen wir jedoch keine Gew\u00e4hr \u00fcbernehmen. Als Diensteanbieter sind wir gem\u00e4\u00df \u00a7 7 Abs.1 TMG f\u00fcr eigene Inhalte auf diesen Seiten nach den allgemeinen Gesetzen verantwortlich. Nach \u00a7\u00a7 8 bis 10 TMG sind wir als Diensteanbieter jedoch nicht verpflichtet, \u00fcbermittelte oder gespeicherte fremde Informationen zu \u00fcberwachen oder nach Umst\u00e4nden zu forschen, die auf eine rechtswidrige T\u00e4tigkeit hinweisen. Verpflichtungen zur Entfernung oder Sperrung der Nutzung von Informationen nach den allgemeinen Gesetzen bleiben hiervon unber\u00fchrt. Eine diesbez\u00fcgliche Haftung ist jedoch erst ab dem Zeitpunkt der Kenntnis einer konkreten Rechtsverletzung m\u00f6glich. Bei Bekanntwerden von entsprechenden Rechtsverletzungen werden wir diese Inhalte umgehend entfernen. <\/p>\n<p><strong>  Haftung f\u00fcr Links<\/strong><\/p>\n<p>\n  Unser Angebot enth\u00e4lt Links zu externen Webseiten Dritter, auf deren Inhalte wir keinen Einfluss haben. Deshalb k\u00f6nnen wir f\u00fcr diese fremden Inhalte auch keine Gew\u00e4hr \u00fcbernehmen. F\u00fcr die Inhalte der verlinkten Seiten ist stets der jeweilige Anbieter oder Betreiber der Seiten verantwortlich. Die verlinkten Seiten wurden zum Zeitpunkt der Verlinkung auf m\u00f6gliche Rechtsverst\u00f6\u00dfe \u00fcberpr\u00fcft. Rechtswidrige Inhalte waren zum Zeitpunkt der Verlinkung nicht erkennbar. Eine permanente inhaltliche Kontrolle der verlinkten Seiten ist jedoch ohne konkrete Anhaltspunkte einer Rechtsverletzung nicht zumutbar. Bei Bekanntwerden von Rechtsverletzungen werden wir derartige Links umgehend entfernen. <\/p>\n<p><strong>Urheberrecht<\/strong><\/p>\n<p>\n  Die durch die Seitenbetreiber erstellten Inhalte und Werke auf diesen Seiten unterliegen dem deutschen Urheberrecht. Die Vervielf\u00e4ltigung, Bearbeitung, Verbreitung und jede Art der Verwertung au\u00dferhalb der Grenzen des Urheberrechtes bed\u00fcrfen der schriftlichen Zustimmung des jeweiligen Autors bzw. Erstellers. Downloads und Kopien dieser Seite sind nur f\u00fcr den privaten, nicht kommerziellen Gebrauch gestattet. Soweit die Inhalte auf dieser Seite nicht vom Betreiber erstellt wurden, werden die Urheberrechte Dritter beachtet. Insbesondere werden Inhalte Dritter als solche gekennzeichnet. Sollten Sie trotzdem auf eine Urheberrechtsverletzung aufmerksam werden, bitten wir um einen entsprechenden Hinweis. Bei Bekanntwerden von Rechtsverletzungen werden wir derartige Inhalte umgehend entfernen. <\/p>\n<p><strong>Datenschutz<\/strong><\/p>\n<p>\n  Die Nutzung unserer Webseite ist in der Regel ohne Angabe personenbezogener Daten m\u00f6glich. Soweit auf unseren Seiten personenbezogene Daten (beispielsweise Name, Anschrift oder eMail-Adressen) erhoben werden, erfolgt dies, soweit m\u00f6glich, stets auf freiwilliger Basis. Diese Daten werden ohne Ihre ausdr\u00fcckliche Zustimmung nicht an Dritte weitergegeben.<\/p>\n<p>  Wir weisen darauf hin, dass die Daten\u00fcbertragung im Internet (z.B. bei der Kommunikation per E-Mail) Sicherheitsl\u00fccken aufweisen kann. Ein l\u00fcckenloser Schutz der Daten vor dem Zugriff durch Dritte ist nicht m\u00f6glich.<\/p>\n<p>  Der Nutzung von im Rahmen der Impressumspflicht ver\u00f6ffentlichten Kontaktdaten durch Dritte zur \u00dcbersendung von nicht ausdr\u00fccklich angeforderter Werbung und Informationsmaterialien wird hiermit ausdr\u00fccklich widersprochen. Die Betreiber der Seiten behalten sich ausdr\u00fccklich rechtliche Schritte im Falle der unverlangten Zusendung von Werbeinformationen, etwa durch Spam-Mails, vor. <\/p>\n<p><strong>Datenschutzerkl&auml;rung f&uuml;r die Nutzung von Facebook-Plugins (Like-Button)<br \/>\n<\/strong>Auf   unseren Seiten sind Plugins des sozialen Netzwerks Facebook, 1601 South   California Avenue, Palo Alto, CA 94304, USA integriert. Die   Facebook-Plugins erkennen Sie an dem Facebook-Logo oder dem   &quot;Like-Button&quot; (&quot;Gef&auml;llt mir&quot;) auf unserer Seite. Eine &Uuml;bersicht &uuml;ber die   Facebook-Plugins finden Sie hier: <a href=\"http:\/\/developers.facebook.com\/docs\/plugins\/\" target=\"_blank\">http:\/\/developers.facebook.com\/docs\/plugins\/<\/a>.<br \/>\nWenn Sie unsere Seiten besuchen, wird &uuml;ber das Plugin eine direkte   Verbindung zwischen Ihrem Browser und dem Facebook-Server hergestellt.   Facebook erh&auml;lt dadurch die Information, dass Sie mit Ihrer IP-Adresse   unsere Seite besucht haben. Wenn Sie den Facebook &quot;Like-Button&quot;   anklicken w&auml;hrend Sie in Ihrem Facebook-Account eingeloggt sind, k&ouml;nnen   Sie die Inhalte unserer Seiten auf Ihrem Facebook-Profil verlinken.   Dadurch kann Facebook den Besuch unserer Seiten Ihrem Benutzerkonto   zuordnen. Wir weisen darauf hin, dass wir als Anbieter der Seiten keine   Kenntnis vom Inhalt der &uuml;bermittelten Daten sowie deren Nutzung durch   Facebook erhalten. Weitere Informationen hierzu finden Sie in der   Datenschutzerkl&auml;rung von facebook unter <a href=\"http:\/\/de-de.facebook.com\/policy.php\" target=\"_blank\"> http:\/\/de-de.facebook.com\/policy.php<\/a><\/p>\n<p>Wenn   Sie nicht w&uuml;nschen, dass Facebook den Besuch unserer Seiten Ihrem   Facebook-Nutzerkonto zuordnen kann, loggen Sie sich bitte aus Ihrem   Facebook-Benutzerkonto aus.<\/p>\n<p><strong>Datenschutzerkl&auml;rung f&uuml;r die Nutzung von Google Analytics<br \/>\n<\/strong>Diese   Website benutzt Google Analytics, einen Webanalysedienst der Google   Inc. (&quot;Google&quot;). Google Analytics verwendet sog. &quot;Cookies&quot;, Textdateien,   die auf Ihrem Computer gespeichert werden und die eine Analyse der   Benutzung der Website durch Sie erm&ouml;glichen. Die durch den Cookie   erzeugten Informationen &uuml;ber Ihre Benutzung dieser Website werden in der   Regel an einen Server von Google in den USA &uuml;bertragen und dort   gespeichert. Im Falle der Aktivierung der IP-Anonymisierung auf dieser   Webseite wird Ihre IP-Adresse von Google jedoch innerhalb von   Mitgliedstaaten der Europ&auml;ischen Union oder in anderen Vertragsstaaten   des Abkommens &uuml;ber den Europ&auml;ischen Wirtschaftsraum zuvor gek&uuml;rzt.<\/p>\n<p>Nur   in Ausnahmef&auml;llen wird die volle IP-Adresse an einen Server von Google   in den USA &uuml;bertragen und dort gek&uuml;rzt. Im Auftrag des Betreibers dieser   Website wird Google diese Informationen benutzen, um Ihre Nutzung der   Website auszuwerten, um Reports &uuml;ber die Websiteaktivit&auml;ten   zusammenzustellen und um weitere mit der Websitenutzung und der   Internetnutzung verbundene Dienstleistungen gegen&uuml;ber dem   Websitebetreiber zu erbringen. Die im Rahmen von Google Analytics von   Ihrem Browser &uuml;bermittelte IP-Adresse wird nicht mit anderen Daten von   Google zusammengef&uuml;hrt.<\/p>\n<p>Sie k&ouml;nnen die Speicherung der Cookies   durch eine entsprechende Einstellung Ihrer Browser-Software verhindern;   wir weisen Sie jedoch darauf hin, dass Sie in diesem Fall gegebenenfalls   nicht s&auml;mtliche Funktionen dieser Website vollumf&auml;nglich werden nutzen   k&ouml;nnen. Sie k&ouml;nnen dar&uuml;ber hinaus die Erfassung der durch das Cookie   erzeugten und auf Ihre Nutzung der Website bezogenen Daten (inkl. Ihrer   IP-Adresse) an Google sowie die Verarbeitung dieser Daten durch Google   verhindern, indem sie das unter dem folgenden Link verf&uuml;gbare   Browser-Plugin herunterladen und installieren: <a href=\"http:\/\/tools.google.com\/dlpage\/gaoptout?hl=de\">http:\/\/tools.google.com\/dlpage\/gaoptout?hl=de<\/a>.<\/p>\n<p><strong>Datenschutzerkl&auml;rung f&uuml;r die Nutzung von Twitter<br \/>\n<\/strong>Auf   unseren Seiten sind Funktionen des Dienstes Twitter eingebunden. Diese   Funktionen werden angeboten durch die Twitter Inc., Twitter, Inc. 1355   Market St, Suite 900, San Francisco, CA 94103, USA. Durch das Benutzen   von Twitter und der Funktion &quot;Re-Tweet&quot; werden die von Ihnen besuchten   Webseiten mit Ihrem Twitter-Account verkn&uuml;pft und anderen Nutzern   bekannt gegeben. Dabei werden auch Daten an Twitter &uuml;bertragen.<\/p>\n<p>Wir   weisen darauf hin, dass wir als Anbieter der Seiten keine Kenntnis vom   Inhalt der &uuml;bermittelten Daten sowie deren Nutzung durch Twitter   erhalten. Weitere Informationen hierzu finden Sie in der   Datenschutzerkl&auml;rung von Twitter unter <a href=\"http:\/\/twitter.com\/privacy\" target=\"_blank\">http:\/\/twitter.com\/privacy<\/a>.<\/p>\n<p>Ihre Datenschutzeinstellungen bei Twitter k&ouml;nnen Sie in den Konto-Einstellungen unter <a href=\"http:\/\/twitter.com\/account\/settings\" target=\"_blank\">http:\/\/twitter.com\/account\/settings<\/a> &auml;ndern.<\/p>\n<p><strong>Wirksamkeit:<\/strong><\/p>\n<p>\n  Sollten Teile oder Formulierungen dieses Dokumentes der geltenden Rechtslage nicht, nicht mehr oder nur teilweise entsprechen, bleiben alle weiteren Teile des Textes in ihrer G\u00fcltigkeit unber\u00fchrt.<\/p>\n<p>  Die Motz-Computer GmbH haftet weder f\u00fcr direkte noch indirekte Sch\u00e4den, die durch die Nutzung der Informationen oder Daten entstehen, die auf dieser Webseite zu finden sind.<br \/>\n  Rechte und Pflichten zwischen der Motz-Computer GmbH und dem einzelnen Nutzer der Webseite oder Dritten bestehen nicht.<\/p>\n<p>  Die Inhalte der Motz-Computer GmbH sind urheberrechtlich gesch\u00fctzt. Die Inhalte d\u00fcrfen weder ganz noch teilweise ohne vorherige schriftliche Genehmigung des Urhebers vervielf\u00e4ltigt und resp. oder ver\u00f6ffentlicht oder in einem Informationssystem gespeichert werden.<\/p>\n<p>  S\u00e4mtliche Informationen oder Daten, ihre Nutzung sowie s\u00e4mtliches mit der Webseite von Motz-Computer GmbH zusammenh\u00e4ngendes Tun, Dulden oder Unterlassen unterliegen ausschlie\u00dflich deutschem Recht, unter Ausschluss von internationalem Recht. Erf\u00fcllungsort und ausschlie\u00dflicher Gerichtsstand ist H\u00f6xter.  <\/p>\n<p>Quelle Fotovorlagen: aboutpixel.de \/ Photocase.de \/ flags.de<br \/>\nTaube Header: &copy; groesel photocase &#8211; Taube in Venedig<br \/>\nHintergrund Tipes mobil: &copy; Maksim Kostenko &#8211; Fotolia.com<\/p>\n","protected":false},"excerpt":{"rendered":"<p>Angaben gem\u00e4\u00df \u00a7 5 TMG: Motz-Computer Service und Vertriebs GmbH Pfennigbreite 20 &#8211; 22 D-37671 H\u00f6xter Telefon 0 52 71\/97 04 &#8211; 0 Telefax 0 52 71\/97 04 &#8211; 94 e-mail: info@motz.de Gesch\u00e4ftsf\u00fchrung: Thomas Vogt Sitz der Gesellschaft: AG Paderborn HRB 7046 Umsatzsteuer-Identifikationsnummer gem\u00e4\u00df \u00a727 a Umsatzsteuergesetz: DE125449359 Inhaltlich Verantwortlich gem\u00e4\u00df \u00a7 6 MDStV: Markus [&hellip;]<\/p>\n","protected":false},"author":1,"featured_media":0,"parent":0,"menu_order":8,"comment_status":"closed","ping_status":"closed","template":"","meta":{"footnotes":""},"class_list":["post-2","page","type-page","status-publish","hentry"],"_links":{"self":[{"href":"https:\/\/test.motz.de\/wp4\/wp-json\/wp\/v2\/pages\/2","targetHints":{"allow":["GET"]}}],"collection":[{"href":"https:\/\/test.motz.de\/wp4\/wp-json\/wp\/v2\/pages"}],"about":[{"href":"https:\/\/test.motz.de\/wp4\/wp-json\/wp\/v2\/types\/page"}],"author":[{"embeddable":true,"href":"https:\/\/test.motz.de\/wp4\/wp-json\/wp\/v2\/users\/1"}],"replies":[{"embeddable":true,"href":"https:\/\/test.motz.de\/wp4\/wp-json\/wp\/v2\/comments?post=2"}],"version-history":[{"count":0,"href":"https:\/\/test.motz.de\/wp4\/wp-json\/wp\/v2\/pages\/2\/revisions"}],"wp:attachment":[{"href":"https:\/\/test.motz.de\/wp4\/wp-json\/wp\/v2\/media?parent=2"}],"curies":[{"name":"wp","href":"https:\/\/api.w.org\/{rel}","templated":true}]}}