{"id":1825,"date":"2019-05-16T09:49:13","date_gmt":"2019-05-16T08:49:13","guid":{"rendered":"http:\/\/test.motz.de\/wp4\/?page_id=1825"},"modified":"2020-01-08T14:55:56","modified_gmt":"2020-01-08T13:55:56","slug":"software","status":"publish","type":"page","link":"https:\/\/test.motz.de\/wp4\/schulen-verwaltung\/software\/","title":{"rendered":"Software L\u00f6sungen"},"content":{"rendered":"<h4>Verwaltungssoftware<\/h4>\n<p>Die Schulverwaltungssoftware automatisiert die administrativen Aufgaben der Schule. Darunter fallen Sch\u00fclerinformationen, Aufzeichnungen, Aufnahmen f\u00fcr Schulverwalter, B\u00fcroleiter und  Buchhalter. Schulverwaltungsprogramme verwalten alle Schulinformationen \u00fcber eine einzige Plattform, einschlie\u00dflich: Sch\u00fcler und Mitarbeiterdaten, Kurse und Klassen.<br \/>\nSie bietet die M\u00f6glichkeit Klassenraum Management Software, digitale Klassenb\u00fccher und Buchf\u00fchrungssoftware zu integrieren. Die Firma Motz-Computer GmbH konnte sich durch verschiedene Projekte und Ausschreibungen an Bildungsst\u00e4tten bereits in der Einrichtung, Wartung und Reparatur einen umfassenden Wissensstand aneignen.<br \/>\nDadurch ist es uns m\u00f6glich Sie neutral und unvoreingenommen \u00fcber die verschiedenen Schulverwaltungssoftware zu beraten. Au\u00dferdem hat jede Bildungsst\u00e4tte eine andere Software im Einsatz, sodass wir schon mit mehreren gearbeitet haben.<br \/>\nSollten Sie Interesse haben oder planen den Einsatz in ihrer Bildungsst\u00e4tte, stehen wir Ihnen gerne beratend zur Seite.  <\/p>\n<h4>Klassenrauml\u00f6sung<\/h4>\n<p>Der Einsatz von Technologien im Bildungswesen revolutioniert die Art und Weise, in der heutzutage in Schulen gelernt und unterrichtet wird. Digitale Lernumgebungen sind heutzutage unverzichtbar, da der Einsatz von Laptops, Tablet-PCs und drahtlosen Pr\u00e4sentationssystemen im Klassenzimmer immer unkomplizierter und organisierter wird. Genau deshalb m\u00f6chte die Motz-Computer GmbH Ihnen dabei helfen eine motivierende und produktive Lernatmosph\u00e4re zu schaffen.<br \/>\nEs bieten sich viele M\u00f6glichkeiten, um als Lehrer seine Sch\u00fcler und deren digitalen F\u00e4higkeiten in den Unterricht einzubinden. Zudem kann daf\u00fcr gesorgt werden, dass mit individuellen Einstellungen der Lehrer die Kontrolle \u00fcber das Geschehen beh\u00e4lt, indem er Zugriff auf jeden Sch\u00fclerrechner hat. Mit unserer L\u00f6sung sind Lehrer wie Sch\u00fcler sicher und verl\u00e4sslich miteinander verbunden. Dies f\u00fchrt letztendlich zu besseren Lernergebnissen und einer besseren Aufnahme der Lerninhalte.<br \/>\nDas digitale Klassenzimmer f\u00f6rdert die Produktivit\u00e4t durch drahtlose Pr\u00e4sentationen und Raumsteuerungen, welches das gemeinsame Lernen f\u00f6rdert und einen Austausch von Ideen erm\u00f6glicht.<br \/>\nGerne stehen wir Ihnen beratend zur Seite, bei der Weiterentwicklung und Modernisierung Ihrer Bildungsst\u00e4tte.<\/p>\n","protected":false},"excerpt":{"rendered":"<p>Verwaltungssoftware Die Schulverwaltungssoftware automatisiert die administrativen Aufgaben der Schule. Darunter fallen Sch\u00fclerinformationen, Aufzeichnungen, Aufnahmen f\u00fcr Schulverwalter, B\u00fcroleiter und Buchhalter. Schulverwaltungsprogramme verwalten alle Schulinformationen \u00fcber eine einzige Plattform, einschlie\u00dflich: Sch\u00fcler und Mitarbeiterdaten, Kurse und Klassen. Sie bietet die M\u00f6glichkeit Klassenraum Management Software, digitale Klassenb\u00fccher und Buchf\u00fchrungssoftware zu integrieren. Die Firma Motz-Computer GmbH konnte sich durch verschiedene [&hellip;]<\/p>\n","protected":false},"author":1,"featured_media":0,"parent":1703,"menu_order":2,"comment_status":"closed","ping_status":"closed","template":"","meta":{"footnotes":""},"class_list":["post-1825","page","type-page","status-publish","hentry"],"_links":{"self":[{"href":"https:\/\/test.motz.de\/wp4\/wp-json\/wp\/v2\/pages\/1825","targetHints":{"allow":["GET"]}}],"collection":[{"href":"https:\/\/test.motz.de\/wp4\/wp-json\/wp\/v2\/pages"}],"about":[{"href":"https:\/\/test.motz.de\/wp4\/wp-json\/wp\/v2\/types\/page"}],"author":[{"embeddable":true,"href":"https:\/\/test.motz.de\/wp4\/wp-json\/wp\/v2\/users\/1"}],"replies":[{"embeddable":true,"href":"https:\/\/test.motz.de\/wp4\/wp-json\/wp\/v2\/comments?post=1825"}],"version-history":[{"count":5,"href":"https:\/\/test.motz.de\/wp4\/wp-json\/wp\/v2\/pages\/1825\/revisions"}],"predecessor-version":[{"id":1923,"href":"https:\/\/test.motz.de\/wp4\/wp-json\/wp\/v2\/pages\/1825\/revisions\/1923"}],"up":[{"embeddable":true,"href":"https:\/\/test.motz.de\/wp4\/wp-json\/wp\/v2\/pages\/1703"}],"wp:attachment":[{"href":"https:\/\/test.motz.de\/wp4\/wp-json\/wp\/v2\/media?parent=1825"}],"curies":[{"name":"wp","href":"https:\/\/api.w.org\/{rel}","templated":true}]}}