{"id":1817,"date":"2019-05-16T09:47:35","date_gmt":"2019-05-16T08:47:35","guid":{"rendered":"http:\/\/test.motz.de\/wp4\/?page_id=1817"},"modified":"2020-01-08T15:18:41","modified_gmt":"2020-01-08T14:18:41","slug":"praesentationstechnik","status":"publish","type":"page","link":"https:\/\/test.motz.de\/wp4\/schulen-verwaltung\/praesentationstechnik\/","title":{"rendered":"Pr\u00e4sentationstechnik"},"content":{"rendered":"<h3>Beamer:<\/h3>\n<p>Ein Videoprojektor, auch umgangssprachlich Beamer genannt, ist ein spezieller Projektor der stehende und bewegte Bilder aus einem Ausgabemedium (Computer, Tablet, Videorekorder) f\u00fcr ein Publikum in vergr\u00f6\u00dferter Form an eine Projektionswand projiziert.<\/p>\n<p> Dabei l\u00e4sst sich auf eine gro\u00dfe Bandbreite verschiedenster Modelle zur\u00fcckgreifen. Von mobilen Pr\u00e4sentationsprojektoren bis hin zu station\u00e4ren Hochleistungsprojektoren. Bei der Auswahl des passenden Beamers sind viele Faktoren zu ber\u00fccksichtigen: Anwendungsbereiche, Helligkeit, Kontrast, Aufl\u00f6sung, Features, Anschl\u00fcsse, Aufstellung und die laufenden Betriebskosten sind nur einige dieser Faktoren.<\/p>\n<p>Sei es im Unternehmen, in der Schule, den \u00f6ffentlichen Einrichtungen oder gar f\u00fcr den Heimbedarf, bei der Auswahl des passenden Beamers ist eine kompetente Beratung unverzichtbar.<\/p>\n<p>Durch unsere Jahrelange Erfahrung im Bereich der Videoprojektoren k\u00f6nnen Sie auf ein nahezu unbegrenztes Wissen und Know How zur\u00fcckgreifen. Falls Sie sich f\u00fcr ein entsprechendes Produkt interessieren, oder kompetente Beratung ben\u00f6tigen, stehen wir Ihnen jederzeit unter den unten angegebenen Kontaktdaten gern zur Verf\u00fcgung.<\/p>\n<h3>Dokumentenkamera:<\/h3>\n<p>Die Dokumentenkamera, auch umgangssprachlich Visualizer genannt, ist eine Videokamera und kann jede Art von Vorlagen schnell und einfach aufnehmen. Sie wird oft zur Hilfe in Pr\u00e4sentationen und zur Veranschaulichung eingesetzt, hierbei liefert die Kamera ein hochaufl\u00f6sendes Bild f\u00fcr Beamer, Whiteboards oder Videokonferenzen. Au\u00dferdem erlauben sie eine gro\u00dfe Flexibilit\u00e4t durch ein kompaktes und transportfreundlicheres Design, weshalb sie leichter zu platzieren sind als ihr Vorg\u00e4nger, der Overheadprojektor.<br \/>\nZur Visualisierung wird ein optisches Wiedergabeger\u00e4t ben\u00f6tigt. So sind an der Dokumentenkamera HDMI, DVI, VGA und Videoanschl\u00fcsse, sowie diverse Computerschnittstellen wie USB-, Netzwerk- und serielle Schnittstellen zu finden.<br \/>\nZur heutigen Zeit sind Dokumentenkameras dank ihrer unkomplizierten, breitgef\u00e4cherten und umweltfreundlichen Anwendung unverzichtbar. Wenn Sie eine kompetente Beratung ben\u00f6tigen oder Fragen haben, stehen wir Ihnen jederzeit unter den unten angegebenen Kontaktdaten gern zur Verf\u00fcgung.<\/p>\n<h3>Videowall:<\/h3>\n<p>Eine Videowall erm\u00f6glicht die Darstellung von Bildern, Fotos und Videos auf mehreren Displays, welche unbegrenzt und individuell zusammengestellt werden k\u00f6nnen. Angefangen von 2&#215;2 sind die Zusammenstellungen und Aufteilungen vielf\u00e4ltig. LED-W\u00e4nde allerdings werden aus einzelnen LED-Panels von beliebigen Gr\u00f6\u00dfen zu einer Videowand zusammengesetzt. Durch die Flexibilit\u00e4t der Inhaltswiedergabe ist eine Kontrolle \u00fcber das Geschehen garantiert.<br \/>\nBei der Beratung bis hin zur Planung und Installation begleiten wir Sie gerne und unterst\u00fctzen Sie bei Ihrem Projekt.<br \/>\n<br \/>\n<a href=\"http:\/\/test.motz.de\/wp4\/wp-content\/uploads\/2020\/01\/videowall_corvey_zus.jpg\"><img loading=\"lazy\" decoding=\"async\" src=\"http:\/\/test.motz.de\/wp4\/wp-content\/uploads\/2020\/01\/videowall_corvey_zus.jpg\" alt=\"\" width=\"1394\" height=\"580\" class=\"alignnone size-full wp-image-1930\" srcset=\"https:\/\/test.motz.de\/wp4\/wp-content\/uploads\/2020\/01\/videowall_corvey_zus.jpg 1394w, https:\/\/test.motz.de\/wp4\/wp-content\/uploads\/2020\/01\/videowall_corvey_zus-300x125.jpg 300w, https:\/\/test.motz.de\/wp4\/wp-content\/uploads\/2020\/01\/videowall_corvey_zus-1024x426.jpg 1024w, https:\/\/test.motz.de\/wp4\/wp-content\/uploads\/2020\/01\/videowall_corvey_zus-768x320.jpg 768w\" sizes=\"auto, (max-width: 1394px) 100vw, 1394px\" \/><\/a><\/p>\n","protected":false},"excerpt":{"rendered":"<p>Beamer: Ein Videoprojektor, auch umgangssprachlich Beamer genannt, ist ein spezieller Projektor der stehende und bewegte Bilder aus einem Ausgabemedium (Computer, Tablet, Videorekorder) f\u00fcr ein Publikum in vergr\u00f6\u00dferter Form an eine Projektionswand projiziert. Dabei l\u00e4sst sich auf eine gro\u00dfe Bandbreite verschiedenster Modelle zur\u00fcckgreifen. Von mobilen Pr\u00e4sentationsprojektoren bis hin zu station\u00e4ren Hochleistungsprojektoren. Bei der Auswahl des passenden [&hellip;]<\/p>\n","protected":false},"author":1,"featured_media":0,"parent":1703,"menu_order":4,"comment_status":"closed","ping_status":"closed","template":"","meta":{"footnotes":""},"class_list":["post-1817","page","type-page","status-publish","hentry"],"_links":{"self":[{"href":"https:\/\/test.motz.de\/wp4\/wp-json\/wp\/v2\/pages\/1817","targetHints":{"allow":["GET"]}}],"collection":[{"href":"https:\/\/test.motz.de\/wp4\/wp-json\/wp\/v2\/pages"}],"about":[{"href":"https:\/\/test.motz.de\/wp4\/wp-json\/wp\/v2\/types\/page"}],"author":[{"embeddable":true,"href":"https:\/\/test.motz.de\/wp4\/wp-json\/wp\/v2\/users\/1"}],"replies":[{"embeddable":true,"href":"https:\/\/test.motz.de\/wp4\/wp-json\/wp\/v2\/comments?post=1817"}],"version-history":[{"count":12,"href":"https:\/\/test.motz.de\/wp4\/wp-json\/wp\/v2\/pages\/1817\/revisions"}],"predecessor-version":[{"id":1931,"href":"https:\/\/test.motz.de\/wp4\/wp-json\/wp\/v2\/pages\/1817\/revisions\/1931"}],"up":[{"embeddable":true,"href":"https:\/\/test.motz.de\/wp4\/wp-json\/wp\/v2\/pages\/1703"}],"wp:attachment":[{"href":"https:\/\/test.motz.de\/wp4\/wp-json\/wp\/v2\/media?parent=1817"}],"curies":[{"name":"wp","href":"https:\/\/api.w.org\/{rel}","templated":true}]}}