{"id":1805,"date":"2019-05-16T09:44:12","date_gmt":"2019-05-16T08:44:12","guid":{"rendered":"http:\/\/test.motz.de\/wp4\/?page_id=1805"},"modified":"2019-12-17T13:43:40","modified_gmt":"2019-12-17T12:43:40","slug":"clients-pcs","status":"publish","type":"page","link":"https:\/\/test.motz.de\/wp4\/schulen-verwaltung\/clients-pcs\/","title":{"rendered":"Client L\u00f6sungen"},"content":{"rendered":"<p>Schulen k\u00f6nnen beim Kauf neuer Hardware bei vielen Herstellern sparen, zum einen durch die gro\u00dfe Anzahl an Hardware die sie ben\u00f6tigen, zum anderen durch die Education Rabatte die viele Hersteller den Bildungseinrichtungen gew\u00e4hren. Daher ist es f\u00fcr viele Bildungseinrichtungen interessant ihre Hardware durch Ausschreibungen zu vergeben. Die Firma Motz-Computer GmbH arbeitet mit vielen Bildungseinrichtungen im Kreis H\u00f6xter zusammen und hat schon mehrere Projekte mit Schulen realisiert. Dadurch konnten wir bereits viele Erfahrungen sammeln und unser Wissen \u00fcber Hard- und Software im t\u00e4glichen Bildungsalltag einsetzen. Au\u00dferdem k\u00f6nnen wir ein geschultes Personal vorweisen, welches durch Lehrg\u00e4nge und ihre Erfahrung optimal f\u00fcr Projekte in Bildungseinrichtungen geeignet ist.<br \/>\nSollten Sie oder Ihre Bildungseinrichtung Interesse an einer Zusammenarbeit oder einer Beratung haben, stehen wir Ihnen gerne zur Verf\u00fcgung.<\/p>\n","protected":false},"excerpt":{"rendered":"<p>Schulen k\u00f6nnen beim Kauf neuer Hardware bei vielen Herstellern sparen, zum einen durch die gro\u00dfe Anzahl an Hardware die sie ben\u00f6tigen, zum anderen durch die Education Rabatte die viele Hersteller den Bildungseinrichtungen gew\u00e4hren. Daher ist es f\u00fcr viele Bildungseinrichtungen interessant ihre Hardware durch Ausschreibungen zu vergeben. Die Firma Motz-Computer GmbH arbeitet mit vielen Bildungseinrichtungen im [&hellip;]<\/p>\n","protected":false},"author":1,"featured_media":0,"parent":1703,"menu_order":2,"comment_status":"closed","ping_status":"closed","template":"","meta":{"footnotes":""},"class_list":["post-1805","page","type-page","status-publish","hentry"],"_links":{"self":[{"href":"https:\/\/test.motz.de\/wp4\/wp-json\/wp\/v2\/pages\/1805","targetHints":{"allow":["GET"]}}],"collection":[{"href":"https:\/\/test.motz.de\/wp4\/wp-json\/wp\/v2\/pages"}],"about":[{"href":"https:\/\/test.motz.de\/wp4\/wp-json\/wp\/v2\/types\/page"}],"author":[{"embeddable":true,"href":"https:\/\/test.motz.de\/wp4\/wp-json\/wp\/v2\/users\/1"}],"replies":[{"embeddable":true,"href":"https:\/\/test.motz.de\/wp4\/wp-json\/wp\/v2\/comments?post=1805"}],"version-history":[{"count":3,"href":"https:\/\/test.motz.de\/wp4\/wp-json\/wp\/v2\/pages\/1805\/revisions"}],"predecessor-version":[{"id":1904,"href":"https:\/\/test.motz.de\/wp4\/wp-json\/wp\/v2\/pages\/1805\/revisions\/1904"}],"up":[{"embeddable":true,"href":"https:\/\/test.motz.de\/wp4\/wp-json\/wp\/v2\/pages\/1703"}],"wp:attachment":[{"href":"https:\/\/test.motz.de\/wp4\/wp-json\/wp\/v2\/media?parent=1805"}],"curies":[{"name":"wp","href":"https:\/\/api.w.org\/{rel}","templated":true}]}}