{"id":1803,"date":"2019-05-16T09:43:42","date_gmt":"2019-05-16T08:43:42","guid":{"rendered":"http:\/\/test.motz.de\/wp4\/?page_id=1803"},"modified":"2019-12-17T13:43:15","modified_gmt":"2019-12-17T12:43:15","slug":"server","status":"publish","type":"page","link":"https:\/\/test.motz.de\/wp4\/schulen-verwaltung\/server\/","title":{"rendered":"Server L\u00f6sungen"},"content":{"rendered":"<p>Im Zeitalter der Digitalisierung sind Server in Schulen unverzichtbar. Durch einen Server mit einer Backup Funktion lassen sich wichtige Daten im Fall der Zerst\u00f6rung oder anderen Sch\u00e4den schnell wiederherstellen. Da eine Datensicherung in einem anderen Brandschutzbereich erfolgen sollte, ist es sinnvoll einen Server zu installieren. Au\u00dferdem l\u00e4sst sich die komplette EDV einer Bildungseinrichtung einfacher und effizienter nutzen.<br \/>\nSo kann der reibungslose und wartungsarme Ablauf in einer Bildungseinrichtung gew\u00e4hrleistet werden. Je nach Gr\u00f6\u00dfe der Bildungseinrichtung ist eine qualifizierte Beratung unabdingbar. Da ein zu gro\u00dfer oder zu kleiner Server den Ablauf bremsen w\u00fcrden.<\/p>\n<p>Die Firma Motz-Computer GmbH arbeitet seit Jahren im Bereich der Serverwartung, Installation und Kundenberatung mit Firmen, \u00f6ffentlichen Einrichtungen und Bildungsst\u00e4tten zusammen.<br \/>\nSollten Sie Interesse an einem Server haben, beraten wir Sie gerne vor Ort. F\u00fcr die individuelle Beratung k\u00f6nnen wir uns so einen Eindruck verschaffen.<\/p>\n","protected":false},"excerpt":{"rendered":"<p>Im Zeitalter der Digitalisierung sind Server in Schulen unverzichtbar. Durch einen Server mit einer Backup Funktion lassen sich wichtige Daten im Fall der Zerst\u00f6rung oder anderen Sch\u00e4den schnell wiederherstellen. Da eine Datensicherung in einem anderen Brandschutzbereich erfolgen sollte, ist es sinnvoll einen Server zu installieren. Au\u00dferdem l\u00e4sst sich die komplette EDV einer Bildungseinrichtung einfacher und [&hellip;]<\/p>\n","protected":false},"author":1,"featured_media":0,"parent":1703,"menu_order":1,"comment_status":"closed","ping_status":"closed","template":"","meta":{"footnotes":""},"class_list":["post-1803","page","type-page","status-publish","hentry"],"_links":{"self":[{"href":"https:\/\/test.motz.de\/wp4\/wp-json\/wp\/v2\/pages\/1803","targetHints":{"allow":["GET"]}}],"collection":[{"href":"https:\/\/test.motz.de\/wp4\/wp-json\/wp\/v2\/pages"}],"about":[{"href":"https:\/\/test.motz.de\/wp4\/wp-json\/wp\/v2\/types\/page"}],"author":[{"embeddable":true,"href":"https:\/\/test.motz.de\/wp4\/wp-json\/wp\/v2\/users\/1"}],"replies":[{"embeddable":true,"href":"https:\/\/test.motz.de\/wp4\/wp-json\/wp\/v2\/comments?post=1803"}],"version-history":[{"count":3,"href":"https:\/\/test.motz.de\/wp4\/wp-json\/wp\/v2\/pages\/1803\/revisions"}],"predecessor-version":[{"id":1903,"href":"https:\/\/test.motz.de\/wp4\/wp-json\/wp\/v2\/pages\/1803\/revisions\/1903"}],"up":[{"embeddable":true,"href":"https:\/\/test.motz.de\/wp4\/wp-json\/wp\/v2\/pages\/1703"}],"wp:attachment":[{"href":"https:\/\/test.motz.de\/wp4\/wp-json\/wp\/v2\/media?parent=1803"}],"curies":[{"name":"wp","href":"https:\/\/api.w.org\/{rel}","templated":true}]}}