{"id":1785,"date":"2019-05-16T09:20:11","date_gmt":"2019-05-16T08:20:11","guid":{"rendered":"http:\/\/test.motz.de\/wp4\/?page_id=1785"},"modified":"2019-12-17T13:40:21","modified_gmt":"2019-12-17T12:40:21","slug":"dienstleistungen","status":"publish","type":"page","link":"https:\/\/test.motz.de\/wp4\/privatkunden\/dienstleistungen\/","title":{"rendered":"Dienstleistungen"},"content":{"rendered":"<h3>Planung:<\/h3>\n<p>Die Firma Motz Computer GmbH hat seit Ihrer Gr\u00fcndung 1982 bereits viele Projekte geplant und umgesetzt. Dabei ist es uns wichtig, dass h\u00f6chst professionell projektiert wird und die Kundenw\u00fcnsche im Vordergrund jeder Planung stehen.<\/p>\n<p>Durch unsere Mitarbeiter, die jeder einen speziellen Fachbereich abdecken, sind wir breit aufgestellt und verf\u00fcgen in fast jedem Bereich \u00fcber n\u00f6tige Kompetenz und Wissen, Sie optimal zu unterst\u00fctzen und aus Ihren Projekten das bestm\u00f6gliche Resultat zu erzielen.<\/p>\n<p>Falls Sie ein Projekt f\u00fcr Ihr Unternehmen oder Privat planen und qualifizierte sowie kompetente Unterst\u00fctzung bei der Planung ben\u00f6tigen, stehen wir Ihnen jederzeit unter den unten angegebenen Kontaktdaten zur Verf\u00fcgung.<\/p>\n<p>&nbsp;<\/p>\n<h3>Beratung:<\/h3>\n<p>Planen Sie im privaten oder im Unternehmensumfeld ein Projekt, aber Sie verf\u00fcgen nicht \u00fcber das spezielle Wissen oder Know How?<\/p>\n<p>Die Firma Motz Computer GmbH ber\u00e4t und unterst\u00fctzt Sie gerne!<\/p>\n<p>Wir stellen Ihnen fachkompetente Mitarbeiter zur Verf\u00fcgung, die die \u00fcber gen\u00fcgend Know-How verf\u00fcgen und Sie bei Ihrem Projekt mit ihrem Fachwissen begleiten.<\/p>\n<p>Dadurch k\u00f6nnen Sie auf Fachwissen zur\u00fcckgreifen und schaffen mit uns den Grundstein f\u00fcr ein erfolgreiches Projekt. Durch die Beratung lassen Sie sich das Ruder nicht aus der Hand nehmen, schaffen aber durch die fachkundige Unterst\u00fctzung ein Gef\u00fchl der Sicherheit in Ihrem Projekt.<\/p>\n<p>&nbsp;<\/p>\n<h3>Ausf\u00fchrung:<\/h3>\n<p>Der Erfolg eines Projektes liegt nicht nur in der Planung und kompetenten Beratung, sondern zu gleichen Teilen auch in der Ausf\u00fchrung. Die Ausf\u00fchrung eines Projektes muss effizient und gut geplant sein, um Kosten und Aufwand so gering wie m\u00f6glich zu halten. Dabei unterst\u00fctzen wir Sie gerne oder \u00fcbernehmen die Ausf\u00fchrung f\u00fcr Sie. So brauchen Sie sich um wichtigste Teile Ihres Projektes keine Sorgen mehr machen. Durch unser ausgebildetes Personal und unsere jahrelange Erfahrung bei der Ausf\u00fchrung von Projekten, sind wir der richtige Ansprechpartner f\u00fcr Sie.<\/p>\n<h3>Servicevertr&auml;ge<\/h4>\n<p>Servicevertr\u00e4ge sind in der heutigen Zeit f\u00fcr Unternehmen unverzichtbar. Dadurch spart man Kosten und verringert durch die regelm\u00e4\u00dfigen Kontrollen Ausf\u00e4lle Ihrer Hard- und Software. Servicevertr\u00e4ge k\u00f6nnen sich auf viele EDV-Bereiche anwenden lassen und k\u00f6nnen verschiedene Leistungen beanspruchen. Daher bieten wir Ihnen sowohl vordefinierte Wartungs- und Servicevertr\u00e4ge.<br \/>\nGerne erstellen wir auch individuelle Vertr\u00e4ge, die auf Sie zugeschnitten sind.<\/p>\n","protected":false},"excerpt":{"rendered":"<p>Planung: Die Firma Motz Computer GmbH hat seit Ihrer Gr\u00fcndung 1982 bereits viele Projekte geplant und umgesetzt. Dabei ist es uns wichtig, dass h\u00f6chst professionell projektiert wird und die Kundenw\u00fcnsche im Vordergrund jeder Planung stehen. Durch unsere Mitarbeiter, die jeder einen speziellen Fachbereich abdecken, sind wir breit aufgestellt und verf\u00fcgen in fast jedem Bereich \u00fcber [&hellip;]<\/p>\n","protected":false},"author":1,"featured_media":0,"parent":1700,"menu_order":4,"comment_status":"closed","ping_status":"closed","template":"","meta":{"footnotes":""},"class_list":["post-1785","page","type-page","status-publish","hentry"],"_links":{"self":[{"href":"https:\/\/test.motz.de\/wp4\/wp-json\/wp\/v2\/pages\/1785","targetHints":{"allow":["GET"]}}],"collection":[{"href":"https:\/\/test.motz.de\/wp4\/wp-json\/wp\/v2\/pages"}],"about":[{"href":"https:\/\/test.motz.de\/wp4\/wp-json\/wp\/v2\/types\/page"}],"author":[{"embeddable":true,"href":"https:\/\/test.motz.de\/wp4\/wp-json\/wp\/v2\/users\/1"}],"replies":[{"embeddable":true,"href":"https:\/\/test.motz.de\/wp4\/wp-json\/wp\/v2\/comments?post=1785"}],"version-history":[{"count":3,"href":"https:\/\/test.motz.de\/wp4\/wp-json\/wp\/v2\/pages\/1785\/revisions"}],"predecessor-version":[{"id":1902,"href":"https:\/\/test.motz.de\/wp4\/wp-json\/wp\/v2\/pages\/1785\/revisions\/1902"}],"up":[{"embeddable":true,"href":"https:\/\/test.motz.de\/wp4\/wp-json\/wp\/v2\/pages\/1700"}],"wp:attachment":[{"href":"https:\/\/test.motz.de\/wp4\/wp-json\/wp\/v2\/media?parent=1785"}],"curies":[{"name":"wp","href":"https:\/\/api.w.org\/{rel}","templated":true}]}}