{"id":1775,"date":"2019-05-16T09:18:29","date_gmt":"2019-05-16T08:18:29","guid":{"rendered":"http:\/\/test.motz.de\/wp4\/?page_id=1775"},"modified":"2020-01-13T15:46:31","modified_gmt":"2020-01-13T14:46:31","slug":"server","status":"publish","type":"page","link":"https:\/\/test.motz.de\/wp4\/privatkunden\/server\/","title":{"rendered":"Server L\u00f6sungen"},"content":{"rendered":"<p>Unter dem Begriff \u201eServer\u201c versteht man unterschiedliche Grundbedeutungen.<br \/>\nEin Server als Software ist ein Programm, welches verschiedene Dienste wie zum Beispiel Datenbanken, Dateisysteme oder Netzwerkdienste f\u00fcr Clients zur Verf\u00fcgung stellt. Ein Hardware-Server ist ein Computer, auch Hostrechner genannt, auf dem ein oder mehrere Server-Software laufen. Die Server-Hardware ist individuell konfigurierbar und l\u00e4sst sich somit optimal f\u00fcr jede Unternehmensgr\u00f6\u00dfe einsetzen. Zu unseren Serviceleistungen z\u00e4hlt die Beratung, Installation, \u00dcberwachung, Wartung sowie Instandhaltung.<\/p>\n","protected":false},"excerpt":{"rendered":"<p>Unter dem Begriff \u201eServer\u201c versteht man unterschiedliche Grundbedeutungen. Ein Server als Software ist ein Programm, welches verschiedene Dienste wie zum Beispiel Datenbanken, Dateisysteme oder Netzwerkdienste f\u00fcr Clients zur Verf\u00fcgung stellt. Ein Hardware-Server ist ein Computer, auch Hostrechner genannt, auf dem ein oder mehrere Server-Software laufen. Die Server-Hardware ist individuell konfigurierbar und l\u00e4sst sich somit optimal [&hellip;]<\/p>\n","protected":false},"author":1,"featured_media":1858,"parent":1700,"menu_order":1,"comment_status":"closed","ping_status":"closed","template":"","meta":{"footnotes":""},"class_list":["post-1775","page","type-page","status-publish","has-post-thumbnail","hentry"],"_links":{"self":[{"href":"https:\/\/test.motz.de\/wp4\/wp-json\/wp\/v2\/pages\/1775","targetHints":{"allow":["GET"]}}],"collection":[{"href":"https:\/\/test.motz.de\/wp4\/wp-json\/wp\/v2\/pages"}],"about":[{"href":"https:\/\/test.motz.de\/wp4\/wp-json\/wp\/v2\/types\/page"}],"author":[{"embeddable":true,"href":"https:\/\/test.motz.de\/wp4\/wp-json\/wp\/v2\/users\/1"}],"replies":[{"embeddable":true,"href":"https:\/\/test.motz.de\/wp4\/wp-json\/wp\/v2\/comments?post=1775"}],"version-history":[{"count":4,"href":"https:\/\/test.motz.de\/wp4\/wp-json\/wp\/v2\/pages\/1775\/revisions"}],"predecessor-version":[{"id":1938,"href":"https:\/\/test.motz.de\/wp4\/wp-json\/wp\/v2\/pages\/1775\/revisions\/1938"}],"up":[{"embeddable":true,"href":"https:\/\/test.motz.de\/wp4\/wp-json\/wp\/v2\/pages\/1700"}],"wp:featuredmedia":[{"embeddable":true,"href":"https:\/\/test.motz.de\/wp4\/wp-json\/wp\/v2\/media\/1858"}],"wp:attachment":[{"href":"https:\/\/test.motz.de\/wp4\/wp-json\/wp\/v2\/media?parent=1775"}],"curies":[{"name":"wp","href":"https:\/\/api.w.org\/{rel}","templated":true}]}}