{"id":1765,"date":"2019-05-16T09:07:03","date_gmt":"2019-05-16T08:07:03","guid":{"rendered":"http:\/\/test.motz.de\/wp4\/?page_id=1765"},"modified":"2020-01-13T14:45:26","modified_gmt":"2020-01-13T13:45:26","slug":"monitoring","status":"publish","type":"page","link":"https:\/\/test.motz.de\/wp4\/geschaeftskunden\/monitoring\/","title":{"rendered":"Monitoring"},"content":{"rendered":"<p>Das Monitoring ist einer der wichtigsten Serviceleistungen, die wir Ihnen anbieten k\u00f6nnen. Weitere, individuell auf Ihre W\u00fcnsche und Ihr Umfeld ma\u00dfgeschneiderte Vertr\u00e4ge sind ebenfalls Inhalt unseres Portfolios. So ist jeder Servicevertrag optimal auf die W\u00fcnsche unserer Kunden zugeschnitten, um ihm bestm\u00f6glichen Schutz zu bieten.<\/p>\n<p>Das Monitoring ist ein System mit dem wir Ihre Hardware &amp; Software \u00fcberwachen. Wir garantieren Ihnen damit einen reibungslosen Ablauf Ihrer IT-Systeme . Wir \u00fcberwachen Ihre Backup\u00b4s auf erfolgreiche Durchf\u00fchrung, installieren neue Updates auf Ihren PC-Systemen und k\u00f6nnen Sie rechtzeitig informieren, wenn ein Problem auftreten sollte. Somit nehmen wir Ihnen die Aufgabe ab, sich selber um die Hard &amp; Software zu k\u00fcmmern, so dass Sie sich voll und ganz Ihrem Tagesgesch\u00e4ft widmen k\u00f6nnen.<\/p>\n<p>Sollten Sie noch Fragen haben, weitere Informationen ben\u00f6tigen oder ein freibleibendes Angebot w\u00fcnschen, stehen wir Ihnen jederzeit gerne zur Verf\u00fcgung unter den unten stehenden Kontaktdaten.<\/p>\n<p><a href=\"http:\/\/test.motz.de\/wp4\/wp-content\/uploads\/2020\/01\/Monitoring_Flyer_Motz_Computer.pdf\">Monitoring Flyer Motz Computer PDF (3 MB)<\/a><\/p>\n","protected":false},"excerpt":{"rendered":"<p>Das Monitoring ist einer der wichtigsten Serviceleistungen, die wir Ihnen anbieten k\u00f6nnen. Weitere, individuell auf Ihre W\u00fcnsche und Ihr Umfeld ma\u00dfgeschneiderte Vertr\u00e4ge sind ebenfalls Inhalt unseres Portfolios. So ist jeder Servicevertrag optimal auf die W\u00fcnsche unserer Kunden zugeschnitten, um ihm bestm\u00f6glichen Schutz zu bieten. Das Monitoring ist ein System mit dem wir Ihre Hardware &amp; [&hellip;]<\/p>\n","protected":false},"author":1,"featured_media":1860,"parent":1697,"menu_order":4,"comment_status":"closed","ping_status":"closed","template":"","meta":{"footnotes":""},"class_list":["post-1765","page","type-page","status-publish","has-post-thumbnail","hentry"],"_links":{"self":[{"href":"https:\/\/test.motz.de\/wp4\/wp-json\/wp\/v2\/pages\/1765","targetHints":{"allow":["GET"]}}],"collection":[{"href":"https:\/\/test.motz.de\/wp4\/wp-json\/wp\/v2\/pages"}],"about":[{"href":"https:\/\/test.motz.de\/wp4\/wp-json\/wp\/v2\/types\/page"}],"author":[{"embeddable":true,"href":"https:\/\/test.motz.de\/wp4\/wp-json\/wp\/v2\/users\/1"}],"replies":[{"embeddable":true,"href":"https:\/\/test.motz.de\/wp4\/wp-json\/wp\/v2\/comments?post=1765"}],"version-history":[{"count":5,"href":"https:\/\/test.motz.de\/wp4\/wp-json\/wp\/v2\/pages\/1765\/revisions"}],"predecessor-version":[{"id":1936,"href":"https:\/\/test.motz.de\/wp4\/wp-json\/wp\/v2\/pages\/1765\/revisions\/1936"}],"up":[{"embeddable":true,"href":"https:\/\/test.motz.de\/wp4\/wp-json\/wp\/v2\/pages\/1697"}],"wp:featuredmedia":[{"embeddable":true,"href":"https:\/\/test.motz.de\/wp4\/wp-json\/wp\/v2\/media\/1860"}],"wp:attachment":[{"href":"https:\/\/test.motz.de\/wp4\/wp-json\/wp\/v2\/media?parent=1765"}],"curies":[{"name":"wp","href":"https:\/\/api.w.org\/{rel}","templated":true}]}}