{"id":1761,"date":"2019-05-16T09:06:24","date_gmt":"2019-05-16T08:06:24","guid":{"rendered":"http:\/\/test.motz.de\/wp4\/?page_id=1761"},"modified":"2020-01-07T10:19:14","modified_gmt":"2020-01-07T09:19:14","slug":"archivierung","status":"publish","type":"page","link":"https:\/\/test.motz.de\/wp4\/geschaeftskunden\/archivierung\/","title":{"rendered":"Archivierung \/ Backup"},"content":{"rendered":"<h4>Archivierung<\/h4>\n<p>Die elektronische Archivierung ist heute ein wesentlicher Bestandteil in Unternehmen, die teure und Platz verschwenderische Archivierung mit Papier vermeiden wollen. Daf\u00fcr bieten verschiedene Hersteller Softwareprogramme an, mit denen man seine Daten bequem archivieren kann. F\u00fcr bereits vorhandene Dokumente auf Papier k\u00f6nnen Sie auf Dokumentenscanner zur\u00fcckgreifen. Diese gibt es mit verschiedenen Anforderungen, sodass es f\u00fcr jede Unternehmensanforderung den passenden Dokumentenscanner gibt. Sie sind die schnellste und bequemste Art vorhandene Dokumente in Papierform elektronisch zu scannen und archivieren.<br \/>\nSollten Sie Interesse an Archivierungssoftware oder einen Dokumentenscanner haben, dann sprechen Sie uns einfach an. Wir beraten Sie gerne und planen mit Ihnen die Archivierung Ihrer Daten, nat\u00fcrlich DSGVO konform.<\/p>\n<h4>Backup<\/h4>\n<p>Es bezeichnet das Kopieren von Daten in der Absicht, diese im Fall eines Datenverlustes wiederherstellen zu k\u00f6nnen. Somit ist das Backup eine elementare Ma\u00dfnahme zur Datensicherheit. Die Datensicherung (Backup) kann auf verschiedene Arten ausgef\u00fchrt werden. Jedoch sollte man sich erst Gedanken machen und eine Backup-Strategie entwickeln. Dann stellen sich folgende Fragen:<br \/>\n&#8211; Wie oft soll ein Backup durchgef\u00fchrt werden?<br \/>\n&#8211; Welches Speichermedium ist das Richtige?<br \/>\n&#8211; Kann das Speichermedium in einem anderen Brandschutzbereich stehen?<br \/>\n&#8211; Wie viel Speicherplatz ben\u00f6tigt man insgesamt?<\/p>\n<p>Es gibt viele verschiedene Arten ein Backup zu erstellen. Wichtig dabei ist, dass es sich in Ihre Infrastruktur integrieren l\u00e4sst.<\/p>\n<p>Privat Personen:<br \/>\n&#8211; USB-Stick<br \/>\n&#8211; externe Festplatte<br \/>\nVorteil: Dieser kann an einem sicheren Ort vor Fremdeinwirkung bewahrt werden und ist kosteng\u00fcnstig.<\/p>\n<p>Kleinunternehmen:<br \/>\n&#8211; Festplatte<br \/>\n&#8211; NAS-Systeme<br \/>\nVorteile: Diese Speichermedien sind im Vergleich besser als ein USB-Stick, da sie eine gr\u00f6\u00dfere Speicherkapazit\u00e4t haben und das NAS-System \u00fcber zus\u00e4tzliche n\u00fctzliche Funktionen verf\u00fcgt.<\/p>\n<p>Gro\u00dfunternehmen:<br \/>\n&#8211; NAS-System<br \/>\n&#8211; Cloud<br \/>\nVorteile: Cloud und NAS-System lassen sich einfach erweitern und einfach verwalten. Au\u00dferdem besteht die M\u00f6glichkeit beliebig oft ein Backup zu vollziehen.<\/p>\n<p>Wir entwickeln f\u00fcr Sie die passende Backup-Strategie und statten Sie mit der passenden Hardware f\u00fcr Ihre Infrastruktur aus.<\/p>\n","protected":false},"excerpt":{"rendered":"<p>Archivierung Die elektronische Archivierung ist heute ein wesentlicher Bestandteil in Unternehmen, die teure und Platz verschwenderische Archivierung mit Papier vermeiden wollen. Daf\u00fcr bieten verschiedene Hersteller Softwareprogramme an, mit denen man seine Daten bequem archivieren kann. F\u00fcr bereits vorhandene Dokumente auf Papier k\u00f6nnen Sie auf Dokumentenscanner zur\u00fcckgreifen. Diese gibt es mit verschiedenen Anforderungen, sodass es f\u00fcr [&hellip;]<\/p>\n","protected":false},"author":1,"featured_media":1862,"parent":1697,"menu_order":1,"comment_status":"closed","ping_status":"closed","template":"","meta":{"footnotes":""},"class_list":["post-1761","page","type-page","status-publish","has-post-thumbnail","hentry"],"_links":{"self":[{"href":"https:\/\/test.motz.de\/wp4\/wp-json\/wp\/v2\/pages\/1761","targetHints":{"allow":["GET"]}}],"collection":[{"href":"https:\/\/test.motz.de\/wp4\/wp-json\/wp\/v2\/pages"}],"about":[{"href":"https:\/\/test.motz.de\/wp4\/wp-json\/wp\/v2\/types\/page"}],"author":[{"embeddable":true,"href":"https:\/\/test.motz.de\/wp4\/wp-json\/wp\/v2\/users\/1"}],"replies":[{"embeddable":true,"href":"https:\/\/test.motz.de\/wp4\/wp-json\/wp\/v2\/comments?post=1761"}],"version-history":[{"count":4,"href":"https:\/\/test.motz.de\/wp4\/wp-json\/wp\/v2\/pages\/1761\/revisions"}],"predecessor-version":[{"id":1897,"href":"https:\/\/test.motz.de\/wp4\/wp-json\/wp\/v2\/pages\/1761\/revisions\/1897"}],"up":[{"embeddable":true,"href":"https:\/\/test.motz.de\/wp4\/wp-json\/wp\/v2\/pages\/1697"}],"wp:featuredmedia":[{"embeddable":true,"href":"https:\/\/test.motz.de\/wp4\/wp-json\/wp\/v2\/media\/1862"}],"wp:attachment":[{"href":"https:\/\/test.motz.de\/wp4\/wp-json\/wp\/v2\/media?parent=1761"}],"curies":[{"name":"wp","href":"https:\/\/api.w.org\/{rel}","templated":true}]}}