{"id":1759,"date":"2019-05-16T09:06:05","date_gmt":"2019-05-16T08:06:05","guid":{"rendered":"http:\/\/test.motz.de\/wp4\/?page_id=1759"},"modified":"2020-01-07T10:19:00","modified_gmt":"2020-01-07T09:19:00","slug":"firewall","status":"publish","type":"page","link":"https:\/\/test.motz.de\/wp4\/geschaeftskunden\/firewall\/","title":{"rendered":"Firewall"},"content":{"rendered":"<p>Eine Firewall ist ein Sicherungssystem, welches ein Rechnernetz oder einen einzelnen Computer vor unerw\u00fcnschten Netzwerkzugriffen sch\u00fctzt. Sie ist eine Softwarekomponente, die f\u00fcr jedes Sicherheitskonzept unerl\u00e4sslich ist. Die Firewall dient dazu, den Netzwerkzugriff zu beschr\u00e4nken, indem sie den Datenverkehr \u00fcberwacht. Durch festgelegte Regeln entscheidet die Firewall, ob bestimmte Netzwerkpakete durchgelassen werden oder nicht. Dabei unterscheidet man zwischen einer Personal Firewall und einer externen Firewall. Der Unterschied liegt im Aufbau. Die Personal Firewall arbeitet auf dem zu sch\u00fctzenden System selber, w\u00e4hrend die externe auf einem separaten Ger\u00e4t installiert ist, welches das Netzwerk oder Netzsegmente mit der Hardware verbindet.<\/p>\n<p>Sollten Sie Interesse an einer Firewall f\u00fcr Ihr privates oder gesch\u00e4ftliches Umfeld haben, k\u00f6nnen Sie uns jederzeit kontaktieren.<\/p>\n","protected":false},"excerpt":{"rendered":"<p>Eine Firewall ist ein Sicherungssystem, welches ein Rechnernetz oder einen einzelnen Computer vor unerw\u00fcnschten Netzwerkzugriffen sch\u00fctzt. Sie ist eine Softwarekomponente, die f\u00fcr jedes Sicherheitskonzept unerl\u00e4sslich ist. Die Firewall dient dazu, den Netzwerkzugriff zu beschr\u00e4nken, indem sie den Datenverkehr \u00fcberwacht. Durch festgelegte Regeln entscheidet die Firewall, ob bestimmte Netzwerkpakete durchgelassen werden oder nicht. Dabei unterscheidet man [&hellip;]<\/p>\n","protected":false},"author":1,"featured_media":0,"parent":1697,"menu_order":2,"comment_status":"closed","ping_status":"closed","template":"","meta":{"footnotes":""},"class_list":["post-1759","page","type-page","status-publish","hentry"],"_links":{"self":[{"href":"https:\/\/test.motz.de\/wp4\/wp-json\/wp\/v2\/pages\/1759","targetHints":{"allow":["GET"]}}],"collection":[{"href":"https:\/\/test.motz.de\/wp4\/wp-json\/wp\/v2\/pages"}],"about":[{"href":"https:\/\/test.motz.de\/wp4\/wp-json\/wp\/v2\/types\/page"}],"author":[{"embeddable":true,"href":"https:\/\/test.motz.de\/wp4\/wp-json\/wp\/v2\/users\/1"}],"replies":[{"embeddable":true,"href":"https:\/\/test.motz.de\/wp4\/wp-json\/wp\/v2\/comments?post=1759"}],"version-history":[{"count":2,"href":"https:\/\/test.motz.de\/wp4\/wp-json\/wp\/v2\/pages\/1759\/revisions"}],"predecessor-version":[{"id":1874,"href":"https:\/\/test.motz.de\/wp4\/wp-json\/wp\/v2\/pages\/1759\/revisions\/1874"}],"up":[{"embeddable":true,"href":"https:\/\/test.motz.de\/wp4\/wp-json\/wp\/v2\/pages\/1697"}],"wp:attachment":[{"href":"https:\/\/test.motz.de\/wp4\/wp-json\/wp\/v2\/media?parent=1759"}],"curies":[{"name":"wp","href":"https:\/\/api.w.org\/{rel}","templated":true}]}}